{"id":123,"date":"2023-01-05T11:44:43","date_gmt":"2023-01-05T10:44:43","guid":{"rendered":"https:\/\/frenify.net\/envato\/frenify\/wp\/xoxo\/1\/?page_id=123"},"modified":"2023-11-19T20:32:16","modified_gmt":"2023-11-19T19:32:16","slug":"naslovnica","status":"publish","type":"page","link":"https:\/\/kap-plus.sszlatar.hr\/harmonicni\/","title":{"rendered":"Naslovnica"},"content":{"rendered":"","protected":false},"excerpt":{"rendered":"","protected":false},"author":1,"featured_media":775,"parent":0,"menu_order":0,"comment_status":"closed","ping_status":"closed","template":"page-blog.php","meta":{"footnotes":"","beyondwords_generate_audio":"","beyondwords_integration_method":"","beyondwords_project_id":"","beyondwords_content_id":"","beyondwords_preview_token":"","beyondwords_player_content":"","beyondwords_player_style":"","beyondwords_language_code":"","beyondwords_language_id":"","beyondwords_title_voice_id":"","beyondwords_body_voice_id":"","beyondwords_summary_voice_id":"","beyondwords_error_message":"","beyondwords_disabled":"","beyondwords_delete_content":"","beyondwords_podcast_id":"","beyondwords_hash":"","publish_post_to_speechkit":"","speechkit_hash":"","speechkit_generate_audio":"","speechkit_project_id":"","speechkit_podcast_id":"","speechkit_error_message":"","speechkit_disabled":"","speechkit_access_key":"","speechkit_error":"","speechkit_info":"","speechkit_response":"","speechkit_retries":"","speechkit_status":"","speechkit_updated_at":"","_speechkit_link":"","_speechkit_text":""},"class_list":["post-123","page","type-page","status-publish","has-post-thumbnail","hentry"],"yoast_head":"<!-- This site is optimized with the Yoast SEO plugin v27.1.1 - https:\/\/yoast.com\/product\/yoast-seo-wordpress\/ -->\n<title>KAP+ | Harmoni\u010dni<\/title>\n<meta name=\"description\" content=\"Tema broja digitalnog \u0161kolskog lista &quot;KAP&quot;. Mi smo kreativni, aktivni, popularni... i harmoni\u010dni. Pridru\u017ei nam se i muziciraj s nama!\" \/>\n<meta name=\"robots\" content=\"index, follow, max-snippet:-1, max-image-preview:large, max-video-preview:-1\" \/>\n<link rel=\"canonical\" href=\"https:\/\/kap-plus.sszlatar.hr\/harmonicni\/\" \/>\n<meta property=\"og:locale\" content=\"hr_HR\" \/>\n<meta property=\"og:type\" content=\"article\" \/>\n<meta property=\"og:title\" content=\"KAP+ | Harmoni\u010dni\" \/>\n<meta property=\"og:description\" content=\"Tema broja digitalnog \u0161kolskog lista &quot;KAP&quot;. Mi smo kreativni, aktivni, popularni... i harmoni\u010dni. Pridru\u017ei nam se i muziciraj s nama!\" \/>\n<meta property=\"og:url\" content=\"https:\/\/kap-plus.sszlatar.hr\/harmonicni\/\" \/>\n<meta property=\"og:site_name\" content=\"KAP+\" \/>\n<meta property=\"article:modified_time\" content=\"2023-11-19T19:32:16+00:00\" \/>\n<meta property=\"og:image\" content=\"https:\/\/kap-plus.sszlatar.hr\/harmonicni\/wp-content\/uploads\/2023\/02\/harmonicni-naslovnica-uvodnik.jpg\" \/>\n\t<meta property=\"og:image:width\" content=\"1920\" \/>\n\t<meta property=\"og:image:height\" content=\"1280\" \/>\n\t<meta property=\"og:image:type\" content=\"image\/jpeg\" \/>\n<meta name=\"twitter:card\" content=\"summary_large_image\" \/>\n<script type=\"application\/ld+json\" class=\"yoast-schema-graph\">{\"@context\":\"https:\/\/schema.org\",\"@graph\":[{\"@type\":\"WebPage\",\"@id\":\"https:\/\/kap-plus.sszlatar.hr\/harmonicni\/\",\"url\":\"https:\/\/kap-plus.sszlatar.hr\/harmonicni\/\",\"name\":\"KAP+ | Harmoni\u010dni\",\"isPartOf\":{\"@id\":\"https:\/\/kap-plus.sszlatar.hr\/harmonicni\/#website\"},\"primaryImageOfPage\":{\"@id\":\"https:\/\/kap-plus.sszlatar.hr\/harmonicni\/#primaryimage\"},\"image\":{\"@id\":\"https:\/\/kap-plus.sszlatar.hr\/harmonicni\/#primaryimage\"},\"thumbnailUrl\":\"https:\/\/kap-plus.sszlatar.hr\/harmonicni\/wp-content\/uploads\/2023\/02\/harmonicni-naslovnica-uvodnik.jpg\",\"datePublished\":\"2023-01-05T10:44:43+00:00\",\"dateModified\":\"2023-11-19T19:32:16+00:00\",\"description\":\"Tema broja digitalnog \u0161kolskog lista \\\"KAP\\\". Mi smo kreativni, aktivni, popularni... i harmoni\u010dni. Pridru\u017ei nam se i muziciraj s nama!\",\"breadcrumb\":{\"@id\":\"https:\/\/kap-plus.sszlatar.hr\/harmonicni\/#breadcrumb\"},\"inLanguage\":\"hr\",\"potentialAction\":[{\"@type\":\"ReadAction\",\"target\":[\"https:\/\/kap-plus.sszlatar.hr\/harmonicni\/\"]}]},{\"@type\":\"ImageObject\",\"inLanguage\":\"hr\",\"@id\":\"https:\/\/kap-plus.sszlatar.hr\/harmonicni\/#primaryimage\",\"url\":\"https:\/\/kap-plus.sszlatar.hr\/harmonicni\/wp-content\/uploads\/2023\/02\/harmonicni-naslovnica-uvodnik.jpg\",\"contentUrl\":\"https:\/\/kap-plus.sszlatar.hr\/harmonicni\/wp-content\/uploads\/2023\/02\/harmonicni-naslovnica-uvodnik.jpg\",\"width\":1920,\"height\":1280},{\"@type\":\"BreadcrumbList\",\"@id\":\"https:\/\/kap-plus.sszlatar.hr\/harmonicni\/#breadcrumb\",\"itemListElement\":[{\"@type\":\"ListItem\",\"position\":1,\"name\":\"Po\u010detna stranica\",\"item\":\"https:\/\/kap-plus.sszlatar.hr\/harmonicni\/\"},{\"@type\":\"ListItem\",\"position\":2,\"name\":\"Naslovnica\"}]},{\"@type\":\"WebSite\",\"@id\":\"https:\/\/kap-plus.sszlatar.hr\/harmonicni\/#website\",\"url\":\"https:\/\/kap-plus.sszlatar.hr\/harmonicni\/\",\"name\":\"KAP+\",\"description\":\"Harmoni\u010dni\",\"publisher\":{\"@id\":\"https:\/\/kap-plus.sszlatar.hr\/harmonicni\/#organization\"},\"potentialAction\":[{\"@type\":\"SearchAction\",\"target\":{\"@type\":\"EntryPoint\",\"urlTemplate\":\"https:\/\/kap-plus.sszlatar.hr\/harmonicni\/?s={search_term_string}\"},\"query-input\":{\"@type\":\"PropertyValueSpecification\",\"valueRequired\":true,\"valueName\":\"search_term_string\"}}],\"inLanguage\":\"hr\"},{\"@type\":\"Organization\",\"@id\":\"https:\/\/kap-plus.sszlatar.hr\/harmonicni\/#organization\",\"name\":\"KAP+\",\"url\":\"https:\/\/kap-plus.sszlatar.hr\/harmonicni\/\",\"logo\":{\"@type\":\"ImageObject\",\"inLanguage\":\"hr\",\"@id\":\"https:\/\/kap-plus.sszlatar.hr\/harmonicni\/#\/schema\/logo\/image\/\",\"url\":\"https:\/\/kap-plus.sszlatar.hr\/harmonicni\/wp-content\/uploads\/2023\/02\/kap-plus-veliki-obojani.png\",\"contentUrl\":\"https:\/\/kap-plus.sszlatar.hr\/harmonicni\/wp-content\/uploads\/2023\/02\/kap-plus-veliki-obojani.png\",\"width\":1613,\"height\":903,\"caption\":\"KAP+\"},\"image\":{\"@id\":\"https:\/\/kap-plus.sszlatar.hr\/harmonicni\/#\/schema\/logo\/image\/\"}}]}<\/script>\n<!-- \/ Yoast SEO plugin. -->","yoast_head_json":{"title":"KAP+ | Harmoni\u010dni","description":"Tema broja digitalnog \u0161kolskog lista \"KAP\". Mi smo kreativni, aktivni, popularni... i harmoni\u010dni. Pridru\u017ei nam se i muziciraj s nama!","robots":{"index":"index","follow":"follow","max-snippet":"max-snippet:-1","max-image-preview":"max-image-preview:large","max-video-preview":"max-video-preview:-1"},"canonical":"https:\/\/kap-plus.sszlatar.hr\/harmonicni\/","og_locale":"hr_HR","og_type":"article","og_title":"KAP+ | Harmoni\u010dni","og_description":"Tema broja digitalnog \u0161kolskog lista \"KAP\". Mi smo kreativni, aktivni, popularni... i harmoni\u010dni. Pridru\u017ei nam se i muziciraj s nama!","og_url":"https:\/\/kap-plus.sszlatar.hr\/harmonicni\/","og_site_name":"KAP+","article_modified_time":"2023-11-19T19:32:16+00:00","og_image":[{"width":1920,"height":1280,"url":"https:\/\/kap-plus.sszlatar.hr\/harmonicni\/wp-content\/uploads\/2023\/02\/harmonicni-naslovnica-uvodnik.jpg","type":"image\/jpeg"}],"twitter_card":"summary_large_image","schema":{"@context":"https:\/\/schema.org","@graph":[{"@type":"WebPage","@id":"https:\/\/kap-plus.sszlatar.hr\/harmonicni\/","url":"https:\/\/kap-plus.sszlatar.hr\/harmonicni\/","name":"KAP+ | Harmoni\u010dni","isPartOf":{"@id":"https:\/\/kap-plus.sszlatar.hr\/harmonicni\/#website"},"primaryImageOfPage":{"@id":"https:\/\/kap-plus.sszlatar.hr\/harmonicni\/#primaryimage"},"image":{"@id":"https:\/\/kap-plus.sszlatar.hr\/harmonicni\/#primaryimage"},"thumbnailUrl":"https:\/\/kap-plus.sszlatar.hr\/harmonicni\/wp-content\/uploads\/2023\/02\/harmonicni-naslovnica-uvodnik.jpg","datePublished":"2023-01-05T10:44:43+00:00","dateModified":"2023-11-19T19:32:16+00:00","description":"Tema broja digitalnog \u0161kolskog lista \"KAP\". Mi smo kreativni, aktivni, popularni... i harmoni\u010dni. Pridru\u017ei nam se i muziciraj s nama!","breadcrumb":{"@id":"https:\/\/kap-plus.sszlatar.hr\/harmonicni\/#breadcrumb"},"inLanguage":"hr","potentialAction":[{"@type":"ReadAction","target":["https:\/\/kap-plus.sszlatar.hr\/harmonicni\/"]}]},{"@type":"ImageObject","inLanguage":"hr","@id":"https:\/\/kap-plus.sszlatar.hr\/harmonicni\/#primaryimage","url":"https:\/\/kap-plus.sszlatar.hr\/harmonicni\/wp-content\/uploads\/2023\/02\/harmonicni-naslovnica-uvodnik.jpg","contentUrl":"https:\/\/kap-plus.sszlatar.hr\/harmonicni\/wp-content\/uploads\/2023\/02\/harmonicni-naslovnica-uvodnik.jpg","width":1920,"height":1280},{"@type":"BreadcrumbList","@id":"https:\/\/kap-plus.sszlatar.hr\/harmonicni\/#breadcrumb","itemListElement":[{"@type":"ListItem","position":1,"name":"Po\u010detna stranica","item":"https:\/\/kap-plus.sszlatar.hr\/harmonicni\/"},{"@type":"ListItem","position":2,"name":"Naslovnica"}]},{"@type":"WebSite","@id":"https:\/\/kap-plus.sszlatar.hr\/harmonicni\/#website","url":"https:\/\/kap-plus.sszlatar.hr\/harmonicni\/","name":"KAP+","description":"Harmoni\u010dni","publisher":{"@id":"https:\/\/kap-plus.sszlatar.hr\/harmonicni\/#organization"},"potentialAction":[{"@type":"SearchAction","target":{"@type":"EntryPoint","urlTemplate":"https:\/\/kap-plus.sszlatar.hr\/harmonicni\/?s={search_term_string}"},"query-input":{"@type":"PropertyValueSpecification","valueRequired":true,"valueName":"search_term_string"}}],"inLanguage":"hr"},{"@type":"Organization","@id":"https:\/\/kap-plus.sszlatar.hr\/harmonicni\/#organization","name":"KAP+","url":"https:\/\/kap-plus.sszlatar.hr\/harmonicni\/","logo":{"@type":"ImageObject","inLanguage":"hr","@id":"https:\/\/kap-plus.sszlatar.hr\/harmonicni\/#\/schema\/logo\/image\/","url":"https:\/\/kap-plus.sszlatar.hr\/harmonicni\/wp-content\/uploads\/2023\/02\/kap-plus-veliki-obojani.png","contentUrl":"https:\/\/kap-plus.sszlatar.hr\/harmonicni\/wp-content\/uploads\/2023\/02\/kap-plus-veliki-obojani.png","width":1613,"height":903,"caption":"KAP+"},"image":{"@id":"https:\/\/kap-plus.sszlatar.hr\/harmonicni\/#\/schema\/logo\/image\/"}}]}},"_links":{"self":[{"href":"https:\/\/kap-plus.sszlatar.hr\/harmonicni\/wp-json\/wp\/v2\/pages\/123","targetHints":{"allow":["GET"]}}],"collection":[{"href":"https:\/\/kap-plus.sszlatar.hr\/harmonicni\/wp-json\/wp\/v2\/pages"}],"about":[{"href":"https:\/\/kap-plus.sszlatar.hr\/harmonicni\/wp-json\/wp\/v2\/types\/page"}],"author":[{"embeddable":true,"href":"https:\/\/kap-plus.sszlatar.hr\/harmonicni\/wp-json\/wp\/v2\/users\/1"}],"replies":[{"embeddable":true,"href":"https:\/\/kap-plus.sszlatar.hr\/harmonicni\/wp-json\/wp\/v2\/comments?post=123"}],"version-history":[{"count":1,"href":"https:\/\/kap-plus.sszlatar.hr\/harmonicni\/wp-json\/wp\/v2\/pages\/123\/revisions"}],"predecessor-version":[{"id":550,"href":"https:\/\/kap-plus.sszlatar.hr\/harmonicni\/wp-json\/wp\/v2\/pages\/123\/revisions\/550"}],"wp:featuredmedia":[{"embeddable":true,"href":"https:\/\/kap-plus.sszlatar.hr\/harmonicni\/wp-json\/wp\/v2\/media\/775"}],"wp:attachment":[{"href":"https:\/\/kap-plus.sszlatar.hr\/harmonicni\/wp-json\/wp\/v2\/media?parent=123"}],"curies":[{"name":"wp","href":"https:\/\/api.w.org\/{rel}","templated":true}]}}